{"id":1564,"date":"2025-12-27T21:36:39","date_gmt":"2025-12-28T02:36:39","guid":{"rendered":"https:\/\/clickagencyads.com\/product\/lancha-valor\/"},"modified":"2026-01-05T21:23:55","modified_gmt":"2026-01-06T02:23:55","slug":"lancha-privada-en-cartagena","status":"publish","type":"product","link":"https:\/\/cartagenaexperience.com.co\/en\/product\/lancha-privada-en-cartagena\/","title":{"rendered":"Valor Boat"},"content":{"rendered":"<h2 style=\"text-align: center;\" data-start=\"42\" data-end=\"108\"><span style=\"color: #000000;\"><strong data-start=\"44\" data-end=\"108\">Boat for Rent for Trips to the Rosario Islands<\/strong><\/span><\/h2>\n<p data-start=\"110\" data-end=\"425\"><span style=\"color: #000000;\">Experiencing the Caribbean from the sea transforms any trip. <strong data-start=\"190\" data-end=\"256\">The Valor boat is available for charter for excursions to the Rosario Islands<\/strong>, offering an exclusive, private, and flexible way to enjoy the sea with family and friends aboard a comfortable and well-equipped sports vessel.<\/span><\/p>\n<p data-start=\"427\" data-end=\"770\"><span style=\"color: #000000;\">For many years, these tours were conducted in the traditional way, sharing boats with other groups and adhering to pre-established routes and schedules. Today, that model has evolved. There is a traveler who seeks <strong data-start=\"661\" data-end=\"700\">high-value, private experiences<\/strong>, with greater freedom to choose destinations, times, and the pace of the day.<\/span><\/p>\n<p data-start=\"772\" data-end=\"1063\"><span style=\"color: #000000;\">Therefore, today it is possible to <strong data-start=\"797\" data-end=\"839\">embark on an unforgettable adventure<\/strong>, tailored to each group. For some clients, this experience goes even further: from our ports, it is possible to plan voyages to other Caribbean destinations, subject to conditions and prior planning.<\/span><\/p>\n<hr data-start=\"1065\" data-end=\"1068\" \/>\n<h3 data-start=\"1070\" data-end=\"1116\"><span style=\"color: #000000;\"><strong data-start=\"1073\" data-end=\"1116\">Personalized Browsing Experience<\/strong><\/span><\/h3>\n<p data-start=\"1118\" data-end=\"1353\"><span style=\"color: #000000;\">The <strong data-start=\"1121\" data-end=\"1137\">Valor Boat<\/strong> offers a personalized sailing experience, designed for our most valued clients. We specialize in <strong data-start=\"1260\" data-end=\"1283\">customer service<\/strong> and meticulous attention to detail to ensure every moment on board is memorable.<\/span><\/p>\n<p data-start=\"1355\" data-end=\"1671\"><span style=\"color: #000000;\">From the boat to our tour guides and crew, the entire team has the same goal: <strong data-start=\"1463\" data-end=\"1532\">to show the best of Cartagena Bay and the Rosario Islands<\/strong>, sailing to private islands or native areas where it is possible to relax, swim in crystal-clear waters and disconnect from the urban environment.<\/span><\/p>\n<hr data-start=\"1673\" data-end=\"1676\" \/>\n<h3 data-start=\"1678\" data-end=\"1729\"><span style=\"color: #000000;\"><strong data-start=\"1681\" data-end=\"1729\">VALOR Boat Plan \u2013 Private Boat Rental<\/strong><\/span><\/h3>\n<p data-start=\"1731\" data-end=\"1859\"><span style=\"color: #000000;\">The Valor boat is ideal for small groups looking for privacy, comfort and stable navigation throughout the day.<\/span><\/p>\n<h4 data-start=\"1861\" data-end=\"1902\"><span style=\"color: #000000;\"><strong data-start=\"1865\" data-end=\"1902\">Vessel Characteristics<\/strong><\/span><\/h4>\n<ul data-start=\"1903\" data-end=\"2106\">\n<li data-start=\"1903\" data-end=\"1926\">\n<p data-start=\"1905\" data-end=\"1926\"><span style=\"color: #000000;\"><strong data-start=\"1905\" data-end=\"1916\">Length:<\/strong> 29 feet<\/span><\/p>\n<\/li>\n<li data-start=\"1927\" data-end=\"1963\">\n<p data-start=\"1929\" data-end=\"1963\"><span style=\"color: #000000;\"><strong data-start=\"1929\" data-end=\"1941\">Engines:<\/strong> 2 engines of 115 HP<\/span><\/p>\n<\/li>\n<li data-start=\"1964\" data-end=\"2000\">\n<p data-start=\"1966\" data-end=\"2000\"><span style=\"color: #000000;\"><strong data-start=\"1966\" data-end=\"1980\">Capacity:<\/strong> up to 8 passengers<\/span><\/p>\n<\/li>\n<li data-start=\"2001\" data-end=\"2059\">\n<p data-start=\"2003\" data-end=\"2059\"><span style=\"color: #000000;\"><strong data-start=\"2003\" data-end=\"2014\">Sound:<\/strong> JL Audio Professional System with Bluetooth<\/span><\/p>\n<\/li>\n<li data-start=\"2060\" data-end=\"2106\">\n<p data-start=\"2062\" data-end=\"2080\"><span style=\"color: #000000;\"><strong data-start=\"2062\" data-end=\"2078\">Amenities:<\/strong><\/span><\/p>\n<ul data-start=\"2083\" data-end=\"2106\">\n<li data-start=\"2083\" data-end=\"2106\">\n<p data-start=\"2085\" data-end=\"2106\"><span style=\"color: #000000;\">Bow sunbathing areas<\/span><\/p>\n<\/li>\n<\/ul>\n<\/li>\n<\/ul>\n<p data-start=\"2108\" data-end=\"2211\"><span style=\"color: #000000;\">Its sporty design allows you to enjoy the sun, the sea breeze and the Caribbean landscape in total comfort.<\/span><\/p>\n<hr data-start=\"2213\" data-end=\"2216\" \/>\n<h3 data-start=\"2218\" data-end=\"2267\"><span style=\"color: #000000;\"><strong data-start=\"2221\" data-end=\"2267\">What's Included in the Boat Rental Price<\/strong><\/span><\/h3>\n<p data-start=\"2269\" data-end=\"2364\"><span style=\"color: #000000;\">The service is designed so you can focus solely on enjoying the sea. <strong data-start=\"2344\" data-end=\"2364\">The plan includes:<\/strong><\/span><\/p>\n<ul data-start=\"2366\" data-end=\"2505\">\n<li data-start=\"2366\" data-end=\"2403\">\n<p data-start=\"2368\" data-end=\"2403\"><span style=\"color: #000000;\"><strong data-start=\"2368\" data-end=\"2401\">8 hours of private browsing<\/strong><\/span><\/p>\n<\/li>\n<li data-start=\"2404\" data-end=\"2432\">\n<p data-start=\"2406\" data-end=\"2432\"><span style=\"color: #000000;\"><strong data-start=\"2406\" data-end=\"2430\">Fuel included<\/strong><\/span><\/p>\n<\/li>\n<li data-start=\"2433\" data-end=\"2464\">\n<p data-start=\"2435\" data-end=\"2464\"><span style=\"color: #000000;\"><strong data-start=\"2435\" data-end=\"2462\">Professional crew<\/strong><\/span><\/p>\n<\/li>\n<li data-start=\"2465\" data-end=\"2505\">\n<p data-start=\"2467\" data-end=\"2505\"><span style=\"color: #000000;\"><strong data-start=\"2467\" data-end=\"2503\">Large portable cooler with ice<\/strong><\/span><\/p>\n<\/li>\n<\/ul>\n<p data-start=\"2507\" data-end=\"2597\"><span style=\"color: #000000;\">The entire tour is conducted with trained personnel and a vessel in optimal condition.<\/span><\/p>\n<hr data-start=\"2599\" data-end=\"2602\" \/>\n<h3 data-start=\"2604\" data-end=\"2640\"><span style=\"color: #000000;\"><strong data-start=\"2607\" data-end=\"2640\">Logistics of the Boat Trip<\/strong><\/span><\/h3>\n<p data-start=\"2642\" data-end=\"2713\"><span style=\"color: #000000;\">For better organization of the day, we operate on the following schedule:<\/span><\/p>\n<ul data-start=\"2715\" data-end=\"2820\">\n<li data-start=\"2715\" data-end=\"2747\">\n<p data-start=\"2717\" data-end=\"2747\"><span style=\"color: #000000;\"><strong data-start=\"2717\" data-end=\"2735\">Departure time:<\/strong> 9:00 a.m.<\/span><\/p>\n<\/li>\n<li data-start=\"2748\" data-end=\"2782\">\n<p data-start=\"2750\" data-end=\"2782\"><span style=\"color: #000000;\"><strong data-start=\"2750\" data-end=\"2770\">Return time:<\/strong> 5:00 p.m.<\/span><\/p>\n<\/li>\n<li data-start=\"2783\" data-end=\"2820\">\n<p data-start=\"2785\" data-end=\"2820\"><span style=\"color: #000000;\"><em data-start=\"2785\" data-end=\"2820\">(Subject to weather conditions)<\/em><\/span><\/p>\n<\/li>\n<\/ul>\n<p data-start=\"2822\" data-end=\"2918\"><span style=\"color: #000000;\">Our team coordinates every detail to ensure a smooth and seamless experience.<\/span><\/p>\n<hr data-start=\"2920\" data-end=\"2923\" \/>\n<h3 data-start=\"2925\" data-end=\"2970\"><span style=\"color: #000000;\"><strong data-start=\"2928\" data-end=\"2970\">Nautical Route through the Rosario Islands<\/strong><\/span><\/h3>\n<p data-start=\"2972\" data-end=\"3106\"><span style=\"color: #000000;\">The itinerary covers some of the most representative points of the archipelago, combining relaxation, nature and Caribbean atmosphere:<\/span><\/p>\n<ul data-start=\"3108\" data-end=\"3408\">\n<li data-start=\"3108\" data-end=\"3181\">\n<p data-start=\"3110\" data-end=\"3181\"><span style=\"color: #000000;\"><strong data-start=\"3110\" data-end=\"3126\">Big Island:<\/strong> Ideal for relaxing and enjoying the natural surroundings<\/span><\/p>\n<\/li>\n<li data-start=\"3182\" data-end=\"3255\">\n<p data-start=\"3184\" data-end=\"3255\"><span style=\"color: #000000;\"><strong data-start=\"3184\" data-end=\"3199\">The Pool:<\/strong> A natural reef with calm, crystal-clear waters<\/span><\/p>\n<\/li>\n<li data-start=\"3256\" data-end=\"3310\">\n<p data-start=\"3258\" data-end=\"3310\"><span style=\"color: #000000;\"><strong data-start=\"3258\" data-end=\"3269\">Chol\u00f3n:<\/strong> Zona reconocida por su ambiente social<\/span><\/p>\n<\/li>\n<li data-start=\"3311\" data-end=\"3361\">\n<p data-start=\"3313\" data-end=\"3361\"><span style=\"color: #000000;\"><strong data-start=\"3313\" data-end=\"3327\">Blue Water:<\/strong> Perfecta para nadar y descansar<\/span><\/p>\n<\/li>\n<li data-start=\"3362\" data-end=\"3408\">\n<p data-start=\"3364\" data-end=\"3408\"><span style=\"color: #000000;\"><strong data-start=\"3364\" data-end=\"3373\">Bar\u00fa:<\/strong> Wide beaches and unique landscapes<\/span><\/p>\n<\/li>\n<\/ul>\n<p data-start=\"3410\" data-end=\"3535\"><span style=\"color: #000000;\">\ud83d\udc49 <strong data-start=\"3413\" data-end=\"3475\">The route can be adjusted according to the client's preferences<\/strong>, always respecting sea conditions and safety.<\/span><\/p>\n<hr data-start=\"3537\" data-end=\"3540\" \/>\n<h3 data-start=\"3542\" data-end=\"3581\"><span style=\"color: #000000;\"><strong data-start=\"3545\" data-end=\"3581\">Safety and Peace of Mind on Board<\/strong><\/span><\/h3>\n<p data-start=\"3583\" data-end=\"3666\"><span style=\"color: #000000;\">The safety of our passengers is our priority. All departures include:<\/span><\/p>\n<ul data-start=\"3668\" data-end=\"3829\">\n<li data-start=\"3668\" data-end=\"3721\">\n<p data-start=\"3670\" data-end=\"3721\"><span style=\"color: #000000;\"><strong data-start=\"3670\" data-end=\"3719\">Group accident insurance policy for passengers<\/strong><\/span><\/p>\n<\/li>\n<li data-start=\"3722\" data-end=\"3761\">\n<p data-start=\"3724\" data-end=\"3761\"><span style=\"color: #000000;\"><strong data-start=\"3724\" data-end=\"3759\">Liability insurance policy<\/strong><\/span><\/p>\n<\/li>\n<li data-start=\"3762\" data-end=\"3789\">\n<p data-start=\"3764\" data-end=\"3789\"><span style=\"color: #000000;\">Certified crew<\/span><\/p>\n<\/li>\n<li data-start=\"3790\" data-end=\"3829\">\n<p data-start=\"3792\" data-end=\"3829\"><span style=\"color: #000000;\">Standard safety equipment<\/span><\/p>\n<\/li>\n<\/ul>\n<p data-start=\"3831\" data-end=\"3896\"><span style=\"color: #000000;\">Each navigation is carried out under clear and responsible protocols.<\/span><\/p>\n<hr data-start=\"3898\" data-end=\"3901\" \/>\n<h3 data-start=\"3903\" data-end=\"3929\"><span style=\"color: #000000;\"><strong data-start=\"3906\" data-end=\"3929\">Reserve Your Spot Today<\/strong><\/span><\/h3>\n<p data-start=\"3931\" data-end=\"4115\"><span style=\"color: #000000;\">If you're looking for a <strong data-start=\"3945\" data-end=\"3999\">private boat for trips to the Rosario Islands<\/strong>, the <strong data-start=\"4004\" data-end=\"4020\">Valor Boat<\/strong> is an excellent option to experience the Caribbean with freedom, comfort, and personalized service.<\/span><\/p>\n<p data-start=\"4117\" data-end=\"4237\" data-is-last-node=\"\" data-is-only-node=\"\"><span style=\"color: #000000;\"><strong data-start=\"4117\" data-end=\"4140\">Reserve your spot today<\/strong> and enjoy an authentic, exclusive nautical experience full of unforgettable moments. \ud83c\udf0a\u2693<\/span><\/p>\n<p style=\"text-align: center;\" data-start=\"4117\" data-end=\"4237\" data-is-last-node=\"\" data-is-only-node=\"\"><span style=\"color: #ff0000;\">\ud83d\udccc <strong data-start=\"1383\" data-end=\"1425\">Price subject to change depending on the season.<\/strong><\/span><br data-start=\"1425\" data-end=\"1428\" \/><span style=\"color: #000000;\"><em data-start=\"1430\" data-end=\"1499\">(Check availability and final price according to your booking date).<\/em><\/span><\/p>","protected":false},"excerpt":{"rendered":"<p><span style=\"color: #000000;\">You can reserve this boat with a 50% deposit, the rest you pay when you do the activity, or you can make the full payment.<\/span><\/p>\n<p style=\"text-align: center;\"><span style=\"color: #ff0000;\"><span dir=\"auto\" style=\"vertical-align: inherit;\"><span dir=\"auto\" style=\"vertical-align: inherit;\">\ud83d\udccc <\/span><\/span><strong data-start=\"1383\" data-end=\"1425\"><span dir=\"auto\" style=\"vertical-align: inherit;\"><span dir=\"auto\" style=\"vertical-align: inherit;\">Price subject to change depending on the season.<\/span><\/span><\/strong><\/span><br data-start=\"1425\" data-end=\"1428\" \/><span style=\"color: #000000;\"><em data-start=\"1430\" data-end=\"1499\"><span dir=\"auto\" style=\"vertical-align: inherit;\"><span dir=\"auto\" style=\"vertical-align: inherit;\">(Check availability and final price according to your booking date).<\/span><\/span><\/em><\/span><\/p>","protected":false},"featured_media":1563,"comment_status":"open","ping_status":"closed","template":"","meta":{"_joinchat":[]},"product_brand":[],"product_cat":[71,72],"product_tag":[],"class_list":{"0":"post-1564","1":"product","2":"type-product","3":"status-publish","4":"has-post-thumbnail","6":"product_cat-capacidad-8-10-pasajeros","7":"product_cat-alquiler-de-botes-deportivos-en-cartagena","9":"first","10":"instock","11":"virtual","12":"sold-individually","13":"purchasable","14":"product-type-booking"},"yoast_head":"<!-- This site is optimized with the Yoast SEO plugin v27.3 - https:\/\/yoast.com\/product\/yoast-seo-wordpress\/ -->\n<title>Alquiler Lancha Privada en Cartagena<\/title>\n<meta name=\"description\" content=\"Alquila una lancha privada en Cartagena y disfruta un paseo exclusivo a las Islas del Rosario. Navegaci\u00f3n c\u00f3moda, tripulaci\u00f3n y 8 horas incluidas.\" \/>\n<meta name=\"robots\" content=\"index, follow, max-snippet:-1, max-image-preview:large, max-video-preview:-1\" \/>\n<link rel=\"canonical\" href=\"https:\/\/cartagenaexperience.com.co\/en\/product\/lancha-privada-en-cartagena\/\" \/>\n<meta property=\"og:locale\" content=\"en_US\" \/>\n<meta property=\"og:type\" content=\"article\" \/>\n<meta property=\"og:title\" content=\"Alquiler Lancha Privada en Cartagena\" \/>\n<meta property=\"og:description\" content=\"Alquila una lancha privada en Cartagena y disfruta un paseo exclusivo a las Islas del Rosario. Navegaci\u00f3n c\u00f3moda, tripulaci\u00f3n y 8 horas incluidas.\" \/>\n<meta property=\"og:url\" content=\"https:\/\/cartagenaexperience.com.co\/en\/product\/lancha-privada-en-cartagena\/\" \/>\n<meta property=\"og:site_name\" content=\"Cartagena Experience\" \/>\n<meta property=\"article:publisher\" content=\"https:\/\/www.facebook.com\/tourporelcaribe\" \/>\n<meta property=\"article:modified_time\" content=\"2026-01-06T02:23:55+00:00\" \/>\n<meta property=\"og:image\" content=\"https:\/\/cartagenaexperience.com.co\/wp-content\/uploads\/2025\/12\/alquiler-de-bote-deportivo-en-cartagena-lancha-valor-1.png\" \/>\n\t<meta property=\"og:image:width\" content=\"817\" \/>\n\t<meta property=\"og:image:height\" content=\"588\" \/>\n\t<meta property=\"og:image:type\" content=\"image\/png\" \/>\n<meta name=\"twitter:card\" content=\"summary_large_image\" \/>\n<meta name=\"twitter:site\" content=\"@tourcaribe\" \/>\n<meta name=\"twitter:label1\" content=\"Est. reading time\" \/>\n\t<meta name=\"twitter:data1\" content=\"3 minutes\" \/>\n<script type=\"application\/ld+json\" class=\"yoast-schema-graph\">{\"@context\":\"https:\\\/\\\/schema.org\",\"@graph\":[{\"@type\":\"WebPage\",\"@id\":\"https:\\\/\\\/cartagenaexperience.com.co\\\/producto\\\/lancha-privada-en-cartagena\\\/\",\"url\":\"https:\\\/\\\/cartagenaexperience.com.co\\\/producto\\\/lancha-privada-en-cartagena\\\/\",\"name\":\"Alquiler Lancha Privada en Cartagena\",\"isPartOf\":{\"@id\":\"https:\\\/\\\/cartagenaexperience.com.co\\\/#website\"},\"primaryImageOfPage\":{\"@id\":\"https:\\\/\\\/cartagenaexperience.com.co\\\/producto\\\/lancha-privada-en-cartagena\\\/#primaryimage\"},\"image\":{\"@id\":\"https:\\\/\\\/cartagenaexperience.com.co\\\/producto\\\/lancha-privada-en-cartagena\\\/#primaryimage\"},\"thumbnailUrl\":\"https:\\\/\\\/cartagenaexperience.com.co\\\/wp-content\\\/uploads\\\/2025\\\/12\\\/alquiler-de-bote-deportivo-en-cartagena-lancha-valor-1.png\",\"datePublished\":\"2025-12-28T02:36:39+00:00\",\"dateModified\":\"2026-01-06T02:23:55+00:00\",\"description\":\"Alquila una lancha privada en Cartagena y disfruta un paseo exclusivo a las Islas del Rosario. Navegaci\u00f3n c\u00f3moda, tripulaci\u00f3n y 8 horas incluidas.\",\"breadcrumb\":{\"@id\":\"https:\\\/\\\/cartagenaexperience.com.co\\\/producto\\\/lancha-privada-en-cartagena\\\/#breadcrumb\"},\"inLanguage\":\"en-US\",\"potentialAction\":[{\"@type\":\"ReadAction\",\"target\":[\"https:\\\/\\\/cartagenaexperience.com.co\\\/producto\\\/lancha-privada-en-cartagena\\\/\"]}]},{\"@type\":\"ImageObject\",\"inLanguage\":\"en-US\",\"@id\":\"https:\\\/\\\/cartagenaexperience.com.co\\\/producto\\\/lancha-privada-en-cartagena\\\/#primaryimage\",\"url\":\"https:\\\/\\\/cartagenaexperience.com.co\\\/wp-content\\\/uploads\\\/2025\\\/12\\\/alquiler-de-bote-deportivo-en-cartagena-lancha-valor-1.png\",\"contentUrl\":\"https:\\\/\\\/cartagenaexperience.com.co\\\/wp-content\\\/uploads\\\/2025\\\/12\\\/alquiler-de-bote-deportivo-en-cartagena-lancha-valor-1.png\",\"width\":817,\"height\":588},{\"@type\":\"BreadcrumbList\",\"@id\":\"https:\\\/\\\/cartagenaexperience.com.co\\\/producto\\\/lancha-privada-en-cartagena\\\/#breadcrumb\",\"itemListElement\":[{\"@type\":\"ListItem\",\"position\":1,\"name\":\"Inicio\",\"item\":\"https:\\\/\\\/cartagenaexperience.com.co\\\/\"},{\"@type\":\"ListItem\",\"position\":2,\"name\":\"Shop\",\"item\":\"https:\\\/\\\/cartagenaexperience.com.co\\\/shop\\\/\"},{\"@type\":\"ListItem\",\"position\":3,\"name\":\"Lancha Valor\"}]},{\"@type\":\"WebSite\",\"@id\":\"https:\\\/\\\/cartagenaexperience.com.co\\\/#website\",\"url\":\"https:\\\/\\\/cartagenaexperience.com.co\\\/\",\"name\":\"Tour por el caribe\",\"description\":\"\",\"publisher\":{\"@id\":\"https:\\\/\\\/cartagenaexperience.com.co\\\/#organization\"},\"potentialAction\":[{\"@type\":\"SearchAction\",\"target\":{\"@type\":\"EntryPoint\",\"urlTemplate\":\"https:\\\/\\\/cartagenaexperience.com.co\\\/?s={search_term_string}\"},\"query-input\":{\"@type\":\"PropertyValueSpecification\",\"valueRequired\":true,\"valueName\":\"search_term_string\"}}],\"inLanguage\":\"en-US\"},{\"@type\":\"Organization\",\"@id\":\"https:\\\/\\\/cartagenaexperience.com.co\\\/#organization\",\"name\":\"Tour por el caribe\",\"url\":\"https:\\\/\\\/cartagenaexperience.com.co\\\/\",\"logo\":{\"@type\":\"ImageObject\",\"inLanguage\":\"en-US\",\"@id\":\"https:\\\/\\\/cartagenaexperience.com.co\\\/#\\\/schema\\\/logo\\\/image\\\/\",\"url\":\"https:\\\/\\\/cartagenaexperience.com.co\\\/wp-content\\\/uploads\\\/2021\\\/08\\\/logo-horizontal-512-x-512.png\",\"contentUrl\":\"https:\\\/\\\/cartagenaexperience.com.co\\\/wp-content\\\/uploads\\\/2021\\\/08\\\/logo-horizontal-512-x-512.png\",\"width\":512,\"height\":512,\"caption\":\"Tour por el caribe\"},\"image\":{\"@id\":\"https:\\\/\\\/cartagenaexperience.com.co\\\/#\\\/schema\\\/logo\\\/image\\\/\"},\"sameAs\":[\"https:\\\/\\\/www.facebook.com\\\/tourporelcaribe\",\"https:\\\/\\\/x.com\\\/tourcaribe\",\"https:\\\/\\\/www.instagram.com\\\/tourscaribe\\\/\",\"https:\\\/\\\/www.youtube.com\\\/@tourcaribe\"]}]}<\/script>\n<!-- \/ Yoast SEO plugin. -->","yoast_head_json":{"title":"Alquiler Lancha Privada en Cartagena","description":"Alquila una lancha privada en Cartagena y disfruta un paseo exclusivo a las Islas del Rosario. Navegaci\u00f3n c\u00f3moda, tripulaci\u00f3n y 8 horas incluidas.","robots":{"index":"index","follow":"follow","max-snippet":"max-snippet:-1","max-image-preview":"max-image-preview:large","max-video-preview":"max-video-preview:-1"},"canonical":"https:\/\/cartagenaexperience.com.co\/en\/product\/lancha-privada-en-cartagena\/","og_locale":"en_US","og_type":"article","og_title":"Alquiler Lancha Privada en Cartagena","og_description":"Alquila una lancha privada en Cartagena y disfruta un paseo exclusivo a las Islas del Rosario. Navegaci\u00f3n c\u00f3moda, tripulaci\u00f3n y 8 horas incluidas.","og_url":"https:\/\/cartagenaexperience.com.co\/en\/product\/lancha-privada-en-cartagena\/","og_site_name":"Cartagena Experience","article_publisher":"https:\/\/www.facebook.com\/tourporelcaribe","article_modified_time":"2026-01-06T02:23:55+00:00","og_image":[{"width":817,"height":588,"url":"https:\/\/cartagenaexperience.com.co\/wp-content\/uploads\/2025\/12\/alquiler-de-bote-deportivo-en-cartagena-lancha-valor-1.png","type":"image\/png"}],"twitter_card":"summary_large_image","twitter_site":"@tourcaribe","twitter_misc":{"Est. reading time":"3 minutes"},"schema":{"@context":"https:\/\/schema.org","@graph":[{"@type":"WebPage","@id":"https:\/\/cartagenaexperience.com.co\/producto\/lancha-privada-en-cartagena\/","url":"https:\/\/cartagenaexperience.com.co\/producto\/lancha-privada-en-cartagena\/","name":"Alquiler Lancha Privada en Cartagena","isPartOf":{"@id":"https:\/\/cartagenaexperience.com.co\/#website"},"primaryImageOfPage":{"@id":"https:\/\/cartagenaexperience.com.co\/producto\/lancha-privada-en-cartagena\/#primaryimage"},"image":{"@id":"https:\/\/cartagenaexperience.com.co\/producto\/lancha-privada-en-cartagena\/#primaryimage"},"thumbnailUrl":"https:\/\/cartagenaexperience.com.co\/wp-content\/uploads\/2025\/12\/alquiler-de-bote-deportivo-en-cartagena-lancha-valor-1.png","datePublished":"2025-12-28T02:36:39+00:00","dateModified":"2026-01-06T02:23:55+00:00","description":"Alquila una lancha privada en Cartagena y disfruta un paseo exclusivo a las Islas del Rosario. Navegaci\u00f3n c\u00f3moda, tripulaci\u00f3n y 8 horas incluidas.","breadcrumb":{"@id":"https:\/\/cartagenaexperience.com.co\/producto\/lancha-privada-en-cartagena\/#breadcrumb"},"inLanguage":"en-US","potentialAction":[{"@type":"ReadAction","target":["https:\/\/cartagenaexperience.com.co\/producto\/lancha-privada-en-cartagena\/"]}]},{"@type":"ImageObject","inLanguage":"en-US","@id":"https:\/\/cartagenaexperience.com.co\/producto\/lancha-privada-en-cartagena\/#primaryimage","url":"https:\/\/cartagenaexperience.com.co\/wp-content\/uploads\/2025\/12\/alquiler-de-bote-deportivo-en-cartagena-lancha-valor-1.png","contentUrl":"https:\/\/cartagenaexperience.com.co\/wp-content\/uploads\/2025\/12\/alquiler-de-bote-deportivo-en-cartagena-lancha-valor-1.png","width":817,"height":588},{"@type":"BreadcrumbList","@id":"https:\/\/cartagenaexperience.com.co\/producto\/lancha-privada-en-cartagena\/#breadcrumb","itemListElement":[{"@type":"ListItem","position":1,"name":"Inicio","item":"https:\/\/cartagenaexperience.com.co\/"},{"@type":"ListItem","position":2,"name":"Shop","item":"https:\/\/cartagenaexperience.com.co\/shop\/"},{"@type":"ListItem","position":3,"name":"Lancha Valor"}]},{"@type":"WebSite","@id":"https:\/\/cartagenaexperience.com.co\/#website","url":"https:\/\/cartagenaexperience.com.co\/","name":"Tour por el caribe","description":"","publisher":{"@id":"https:\/\/cartagenaexperience.com.co\/#organization"},"potentialAction":[{"@type":"SearchAction","target":{"@type":"EntryPoint","urlTemplate":"https:\/\/cartagenaexperience.com.co\/?s={search_term_string}"},"query-input":{"@type":"PropertyValueSpecification","valueRequired":true,"valueName":"search_term_string"}}],"inLanguage":"en-US"},{"@type":"Organization","@id":"https:\/\/cartagenaexperience.com.co\/#organization","name":"Tour por el caribe","url":"https:\/\/cartagenaexperience.com.co\/","logo":{"@type":"ImageObject","inLanguage":"en-US","@id":"https:\/\/cartagenaexperience.com.co\/#\/schema\/logo\/image\/","url":"https:\/\/cartagenaexperience.com.co\/wp-content\/uploads\/2021\/08\/logo-horizontal-512-x-512.png","contentUrl":"https:\/\/cartagenaexperience.com.co\/wp-content\/uploads\/2021\/08\/logo-horizontal-512-x-512.png","width":512,"height":512,"caption":"Tour por el caribe"},"image":{"@id":"https:\/\/cartagenaexperience.com.co\/#\/schema\/logo\/image\/"},"sameAs":["https:\/\/www.facebook.com\/tourporelcaribe","https:\/\/x.com\/tourcaribe","https:\/\/www.instagram.com\/tourscaribe\/","https:\/\/www.youtube.com\/@tourcaribe"]}]}},"_links":{"self":[{"href":"https:\/\/cartagenaexperience.com.co\/en\/wp-json\/wp\/v2\/product\/1564","targetHints":{"allow":["GET"]}}],"collection":[{"href":"https:\/\/cartagenaexperience.com.co\/en\/wp-json\/wp\/v2\/product"}],"about":[{"href":"https:\/\/cartagenaexperience.com.co\/en\/wp-json\/wp\/v2\/types\/product"}],"replies":[{"embeddable":true,"href":"https:\/\/cartagenaexperience.com.co\/en\/wp-json\/wp\/v2\/comments?post=1564"}],"version-history":[{"count":0,"href":"https:\/\/cartagenaexperience.com.co\/en\/wp-json\/wp\/v2\/product\/1564\/revisions"}],"wp:featuredmedia":[{"embeddable":true,"href":"https:\/\/cartagenaexperience.com.co\/en\/wp-json\/wp\/v2\/media\/1563"}],"wp:attachment":[{"href":"https:\/\/cartagenaexperience.com.co\/en\/wp-json\/wp\/v2\/media?parent=1564"}],"wp:term":[{"taxonomy":"product_brand","embeddable":true,"href":"https:\/\/cartagenaexperience.com.co\/en\/wp-json\/wp\/v2\/product_brand?post=1564"},{"taxonomy":"product_cat","embeddable":true,"href":"https:\/\/cartagenaexperience.com.co\/en\/wp-json\/wp\/v2\/product_cat?post=1564"},{"taxonomy":"product_tag","embeddable":true,"href":"https:\/\/cartagenaexperience.com.co\/en\/wp-json\/wp\/v2\/product_tag?post=1564"}],"curies":[{"name":"wp","href":"https:\/\/api.w.org\/{rel}","templated":true}]}}